{"id":713,"date":"2016-10-16T20:47:43","date_gmt":"2016-10-16T20:47:43","guid":{"rendered":"https:\/\/slottar.com\/slottar-spela-foer-riktiga-pengar-pa-baesta-svenska-casinosajter-pa-naetet\/"},"modified":"2024-08-12T08:03:14","modified_gmt":"2024-08-12T08:03:14","slug":"online-slots","status":"publish","type":"page","link":"https:\/\/slottar.com\/de\/","title":{"rendered":"Online slots"},"content":{"rendered":"<p>Online Casinos sind in den letzten Jahren immer beliebter geworden, und eine der beliebtesten Kategorien sind Online Slots. Auch wenn die klassischen Tisch- und Kartenspiele wie Blackjack und Roulette viele Anh\u00e4nger haben, bieten sie nicht die abwechslungsreichen Welten der Spielautomaten. Wie vielseitig die Online Slots sein k\u00f6nnen, wie sie genau funktionieren und alles Wichtige zu den Online-Spielautomaten erf\u00e4hrst du hier.<\/p>\n<h2>Online Slots: ein \u00dcberblick<\/h2>\n<p>Wer sich in einem Online-Casino anmeldet, kann sich in diversen Spielkategorien austoben. Neben den beliebten Tisch- und Kartenspielen gibt es in den meisten Casinos eine Vielzahl von Online-Spielautomaten. In den klassischen Casinos waren die Spielautomaten schon immer beliebt. Auch als einarmiger Bandit bezeichnet, kamen die ersten Spielautomaten Anfang des 20. Jahrhunderts auf und sollten vor allem in Bars f\u00fcr zus\u00e4tzlichen Umsatz f\u00fcr Getr\u00e4nke sorgen. Schnell wurden diese Maschinen im Gl\u00fccksspiel beliebt und haben bis heute nichts von ihrem Charme verloren. Inzwischen sind Walzen der klassischen Slotmaschinen in physischen Casinos Bildschirmen gewichen. Ihren Siegeszug der letzten Jahre haben die Slots allerdings den Online-Casinos zu verdanken. Denn in physischen Casinos war f\u00fcr die klobigen Automaten immer nur bedingt und nie f\u00fcr eine gro\u00dfe Auswahl Platz.<\/p>\n<p>Mit dem Erfolgszug der Online Casinos st\u00fcrzten sich Spieleentwickler auf Online Slots und geh\u00f6ren heute zur beliebtesten Rubrik. Denn den Spielautomaten sind online kaum Grenzen gesetzt, ob bei der Vielseitigkeit, Auswahl, Design oder Spielaufbau. Mit dem technischen Fortschritt hat sich also hier eine ganz neue Welt aufgetan. Aufregende Themenwelten, verschiedene M\u00f6glichkeiten im Spiel, zus\u00e4tzliches Funktionen und progressive Jackpots sind heute oft Standard. So bieten Slots in Online Casinos inzwischen eine so gro\u00dfe Auswahl, dass es f\u00fcr jeden Spieler etwas Aufregendes zu finden gibt. Willst du die schier endlose Welt der Online Slots entdecken, erkl\u00e4ren wir die nachfolgend alles Wichtige.<\/p>\n<p><img loading=\"lazy\" decoding=\"async\" class=\"alignnone size-full wp-image-75\" src=\"https:\/\/slottar.com\/wp-content\/uploads\/2016\/10\/Slottar-eller-spelautomater.jpg\" alt=\"Gamla spelautomater brukade inte kallas f\u00f6r slottar\" width=\"700\" height=\"400\" srcset=\"https:\/\/slottar.com\/wp-content\/uploads\/2016\/10\/Slottar-eller-spelautomater.jpg 700w, https:\/\/slottar.com\/wp-content\/uploads\/2016\/10\/Slottar-eller-spelautomater-300x171.jpg 300w\" sizes=\"auto, (max-width: 700px) 100vw, 700px\" \/><\/p>\n<h3>So funktionieren die Slots<\/h3>\n<p>Slot Machines im Online Casino funktionieren \u00e4hnlich der landbasierten Spielautomaten. Generell basieren die Spielautomaten auf 3 bis 6 Walzen, teilweise k\u00f6nnen besondere Slots auch bis zu 10 Walzen bieten. Der Zufallszahlengenerator (RNG) sorgt daf\u00fcr, dass die Ergebnisse beim Drehen der Walzen zuf\u00e4llig und unabh\u00e4ngig von den voran gegangenen Drehungen sind. So bleibt das Spiel fair und unvorhersehbar. Ziel ist es, dass das gleiche Symbol mindestens 3-mal auf einer Gewinnlinie auftaucht. Gewinnlinien k\u00f6nnen von links nach rechts, aber auch diagonal festgelegt werden. Sind die Gewinnlinien vielseitiger, kann auch das Spiel oftmals spannender und ertragreicher f\u00fcr die Spieler sein. Viele der heutigen Slots nutzen zudem progressive Jackpots und bestimmte Ausl\u00f6ser, die dem Spieler zus\u00e4tzliche Spannung bringt. Damit k\u00f6nnen Gewinne erh\u00f6ht oder zus\u00e4tzliche Freispiele erspielt werden. Dabei arbeiten die Hersteller mit den vielseitigsten Designelementen und entf\u00fchren Spieler somit in viele verschiedene Themenwelten. Der Fantasie sind hier nahezu keine Grenzen gesetzt.<\/p>\n<p>Die wichtigsten Elemente von Online-Spielautomaten sind also folgende:<\/p>\n<ul>\n<li><strong>Walzen mit Symbolen<\/strong>: die meist 3- 6 Walzen sind mit Symbolen versehen, die beim Stoppen Gewinnlinien ergeben k\u00f6nnen. Die Symbole k\u00f6nnen je nach Thema des Slots verschieden sein.<\/li>\n<li><strong>RNG<\/strong>: Der Zufallsgenerator bestimmt unabh\u00e4ngig und zuf\u00e4llig, welche Symbole angezeigt werden.<\/li>\n<li><strong>Gewinnlinien<\/strong>: Kommen die Walzen zum Stehen, ergeben eine Mindestanzahl gleicher Symbole in bestimmter Anordnung Gewinnlinien. Daf\u00fcr sind generell mindestens 3 gleiche Symbole notwendig.<\/li>\n<li><strong>Bonus, Jackpot und zus\u00e4tzliche Features<\/strong>: F\u00fcr mehr Spannung gibt es zus\u00e4tzliche Funktionen f\u00fcr Bonusrunden, Sondersymbole und progressive Jackpots. Diese k\u00f6nnen die Gewinnchancen erh\u00f6hen.<\/li>\n<\/ul>\n<p><img loading=\"lazy\" decoding=\"async\" class=\"alignnone size-full wp-image-77\" src=\"https:\/\/slottar.com\/wp-content\/uploads\/2016\/10\/RTP-Slots.jpg\" alt=\"Vad \u00e4r RTP p\u00e5 slots?\" width=\"700\" height=\"400\" srcset=\"https:\/\/slottar.com\/wp-content\/uploads\/2016\/10\/RTP-Slots.jpg 700w, https:\/\/slottar.com\/wp-content\/uploads\/2016\/10\/RTP-Slots-300x171.jpg 300w\" sizes=\"auto, (max-width: 700px) 100vw, 700px\" \/><\/p>\n<h3>Die Gewinnchancen<\/h3>\n<p>Nun fragst du dich sicher, wie man nach dem Zufallsprinzip dennoch abr\u00e4umen kann? Denn werden die Gewinne zuf\u00e4llig ausgesch\u00fcttet, wie kann man dann die eigenen Gewinnchancen einsch\u00e4tzen? Das geht ganz einfach, denn jede Slot Machine online besitzt einen vom Hersteller zugewiesenen RTP-Wert. Dieser &#8222;Return to Player&#8220;- Wert gibt die Auszahlungsquote an und muss bei jedem Slot im Online Casino vermerkt sein. Er wird in Prozent angegeben und stellt die Aussch\u00fcttungsquote \u00fcber einen langen Zeitraum dar. Dabei sind bei Online Slots immer h\u00f6here RTP-Werte m\u00f6glich, als bei landbasierten Casinos, denn hier sind die Ausgaben einfach h\u00f6her. So liegt der durchschnittliche Auszahlungswert bei guten Online-Spielautomaten generell bei \u00fcber 92 %, Auszahlungswerte zwischen 92 % und 96 % gelten als durchschnittlich und besonders hohe Gewinnchancen garantieren Slots mit \u00fcber 96 %. Das hei\u00dft also, dass man auf lange Sicht durchschnittlich zwischen 0,92 bis 0,96 \u20ac von jedem gespielten Euro ausgezahlt bekommt.<\/p>\n<h3>Sicherheit und Fairness<\/h3>\n<p>Doch wie garantieren Online Casinos die Fairness und Sicherheit bei Slots? Im Allgemeinen muss man immer beachten, dass Slots zum Gl\u00fccksspiel geh\u00f6ren und damit keine Garantie auf Gewinne geben. Sei also auch hier immer darauf bedacht, nicht mehr einzusetzen als du dir leisten kannst. Da die RTP-Werte von den Spieleentwicklern festgelegt werden, variieren diese f\u00fcr die gleichen Slots kaum zwischen den Online-Casinos.<\/p>\n<p>Generell ist es immer ratsam, nur in Online Casinos mit g\u00fcltiger Lizenz zu spielen. Die Lizenz findest du meist im Footer der jeweiligen Website, sie sollte leicht zu finden sein. Auch vertrauensw\u00fcrdige Zahlungsanbieter sind ein wichtiger Bestandteil, denn schlie\u00dflich will man die ganz gro\u00dfen Gewinne auch sicher auf seinem Konto erhalten. Zudem ist es wichtig, auf grundlegende Dinge wie eine sichere SSL-Verbindung zu achten. So kannst du sicher sein, dass deine Daten sicher \u00fcbertragen werden. Es gibt zus\u00e4tzliche, externe Agenturen, die in der Gl\u00fccksspiel-Industrie unabh\u00e4ngig auf Fairness und Sicherheit pr\u00fcfen. Besitzt also ein Online Casino ein solches Zertifikat wie von eCogra, spricht dies f\u00fcr die Sicherheit und Transparenz des Online Casinos.<\/p>\n<h2>Unterschiede zu Offline Spielautomaten<\/h2>\n<p>Wie schon erw\u00e4hnt gibt es diverse Vorteile der digitalen Slots gegen\u00fcber den landbasierten Spielautomaten. An erster Stelle steht hier sicher der h\u00f6here Auszahlungswert, denn wer m\u00f6chte nicht gerne \u00f6fter und mehr gewinnen? Durch die geringeren Fixkosten im Online Casino gewinnt man also generell mehr, da die Auszahlungsquote bei physischen Spielhallen oft bei nicht mehr als 75% liegt.<\/p>\n<p>Zus\u00e4tzlich ist bei normalen Spielhallen der Platz begrenzt, sodass die Vielfalt und Auswahl der Spielautomaten immer limitiert ist. Kein Casino vor Ort kann wie in einem Online-Casino Tausende von Spielautomaten anbieten, noch dazu mit so vielen Extras und verschiedenen Welten. Dazu kommt, dass auch Spielhallen feste \u00d6ffnungszeiten haben und du dich nat\u00fcrlich auch auf den Weg dorthin machen musst. In Online Casinos kannst du ganz bequem und rund um die Uhr vom eigenen Zuhause aus die Lieblings-Slots zocken. Darum war es schnell klar, dass die Welt der Online-Slots den traditionsreichen einarmigen Banditen den Rang ablaufen w\u00fcrden.<\/p>\n<p><img loading=\"lazy\" decoding=\"async\" class=\"alignnone size-full wp-image-79\" src=\"https:\/\/slottar.com\/wp-content\/uploads\/2016\/10\/Gonzos-Quest-slot.jpg\" alt=\"NetEnt slottar Gonzo's Quest\" width=\"700\" height=\"400\" srcset=\"https:\/\/slottar.com\/wp-content\/uploads\/2016\/10\/Gonzos-Quest-slot.jpg 700w, https:\/\/slottar.com\/wp-content\/uploads\/2016\/10\/Gonzos-Quest-slot-300x171.jpg 300w\" sizes=\"auto, (max-width: 700px) 100vw, 700px\" \/><\/p>\n<h2>Die beliebtesten Online Slots<\/h2>\n<p>Es gibt viele Slot-Serien, die mittlerweile fast schon Kult-Status haben. Einige davon haben die iGaming-Landschaft entscheidend ver\u00e4ndert und mitgestaltet. Die Book of Ra-Reihe hat unter anderem den Trend der Freispiele mitbegr\u00fcndet, in denen sich Symbole auf den Walzen ausbreiten. Auch zus\u00e4tzliche Joker oder Sondersymbole wie bei Lucky Lady&#8217;s Charm Deluxe, die gro\u00dfe Gewinne oder Bonusrunden versprechen, sind heute aus fast keinem Slot mehr wegzudenken. Die klassischen Fr\u00fcchte-Slots erfreuen sich bei fast allen Spielern gr\u00f6\u00dfter Beliebtheit und sind mit diversen Zusatzfunktionen auch immer wieder spannend. In den meisten Online Casinos sind die Slots daher nach klassischen, beliebtesten und neuesten Slot Machines geordnet. Zus\u00e4tzlich kannst du nat\u00fcrlich auch immer nach bestimmten Spielen oder Herstellern suchen, um deine Lieblings-Slots schnell zu finden.<\/p>\n<p><img loading=\"lazy\" decoding=\"async\" class=\"size-full wp-image-80 aligncenter\" src=\"https:\/\/slottar.com\/wp-content\/uploads\/2016\/10\/Hall-of-Gods-spelautomat.jpg\" alt=\"Jackpott slottar Hall of Gods\" width=\"700\" height=\"400\" srcset=\"https:\/\/slottar.com\/wp-content\/uploads\/2016\/10\/Hall-of-Gods-spelautomat.jpg 700w, https:\/\/slottar.com\/wp-content\/uploads\/2016\/10\/Hall-of-Gods-spelautomat-300x171.jpg 300w\" sizes=\"auto, (max-width: 700px) 100vw, 700px\" \/><\/p>\n<h3>Die Hersteller<\/h3>\n<p>Die bekanntesten Hersteller von Slot Machines sind oftmals seit Jahrzehnten am Markt und haben bereits zu Beginn der Digitalisierung das Potenzial von Online Slots entdeckt. Einer der gr\u00f6\u00dften Entwickler in diesem Bereich, der auch in landbasierten Spielhallen stark vertreten ist, ist Novomatic. Der Hersteller entwickelt bereits seit den 1980er Jahren Spielautomaten und ist Erfinder des allseits ber\u00fchmten Book of Ra. Anbieter wie Pragmatic Play haben die Book of-Reihe ausgebaut, dieser Anbieter ist aber vor allem durch seine Vielseitigkeit bekannt und hat Online-Spielautomaten wie Sweet Bonanza ins Leben gerufen.<\/p>\n<p>Auch NetEnt ist ein weltbekannter Entwickler im Bereich der Slotgames und vor allem f\u00fcr seine beeindruckenden Grafiken und innovativen Funktionen bekannt. Abenteuer wie Gonzo&#8217;s Quest oder progressive Jackpots wie Megafortune geh\u00f6ren zu den beliebtesten Slots der Online Casinos. Anbieter wie Microgaming sind breit aufgestellt und in vielen Kategorien pr\u00e4sent. Bei Slots beeindrucken sie mit vielen Bonusfunktionen und den ausgefeilten Geschichten wie der nordischen Mythensaga Thunderstruck. Playtech geh\u00f6rt seit Ende der 90er Jahre zu den Gro\u00dfen der Branche. Zu den bekannten Slots geh\u00f6ren unter anderem Age of the Gods, die auf der griechischen Mythologie basieren.<\/p>\n<p>Anbieter wie Yggdrasil sind in den letzten Jahren stark gewachsen. Sie haben durch spannende Welten und interessante Features schnell viele Fans hinter sich versammelt. Yggdrasil ist als Studio bekannt, dass viel Energie in Grafik, Storytelling und ausgefeilte Bonusfunktionen steckt. Valley of the Gods spielt dabei im alten \u00c4gypten und arbeitet mit Multiplikatoren und expandierenden Walzen. Noch bekannter ist vielleicht Vikings go Berzerk, da die nordische Mythologie durch die eigenen Wurzeln ein Steckenpferd des Studios ist.<\/p>\n<h3>Varianten und Welten<\/h3>\n<p>Wer Abwechslung sucht, f\u00fcr den sind Slots das Paradies. Die Grafiken, Designs und Themenwelten, in die dich die Hersteller entf\u00fchren, k\u00f6nnen vielseitiger nicht sein. In fremde L\u00e4nder und Kulturen kannst du zu den Azteken, Mayas oder ins alte \u00c4gypten eintauchen. Wer lieber die farbenfrohe Unterwasserwelt kennenlernen will, kann das versunkene Atlantis erkunden oder als Pirat die Weltmeere unsicher machen. Auch als Cowboy, Fee oder Rockstar kannst du die bunten und vielseitigen Fantasiewelten kennenlernen. Ob Abenteuer im Weltall oder au\u00dferirdischen Welten, die Hersteller lassen sich in puncto Design und Ideen immer wieder Neues einfallen. Dabei sorgen innovative Features und Funktionen wie die beliebten Video-Slots f\u00fcr neue Impulse und mehr Spannung im Spiel.<\/p>\n<p>Wie schon erw\u00e4hnt wachsen die zus\u00e4tzlichen Features und Bonusfunktionen stetig und entwickeln sich weiter. Darum ist jede neue Welt auch immer wieder ein Entdecken, wie Freispiele gewonnen werden k\u00f6nnen oder Gewinne multipliziert werden k\u00f6nnen. Oft sind es dabei die ausgefallenen Kombinationen, die das Spiel spannend gestalten. Auch die expandierenden Symbole, die sich auf Walzen ausbreiten k\u00f6nnen oder Joker-Symbole sind beliebte Extras. Modifizierbare Walzen, progressive Jackpots oder Wild Cars, die sich unterschiedlich verhalten k\u00f6nnen, sind weitere Bonus-Features, die die Slot Machine spannender gestalten.<\/p>\n<h2>Online-Gl\u00fccksspiel in Deutschland<\/h2>\n<p>Der Gl\u00fccksspielvertrag in Deutschland trat im Juli 2021 endlich in Kraft. Zuvor gab es keine klare Gesetzgebung zum Online-Gl\u00fccksspiel, au\u00dfer in Schleswig-Holstein. Da sich die gesamte Branche vorher in einer Art Grauzone befand, war dies gerade f\u00fcr deutsche Casino-Anbieter eine schwierige Situation. Doch das hei\u00dft nicht, dass mit den neuen Regelungen alles einfach er geworden ist. Nur gibt es nun zumindest klarere Regelungen, bei denen vor allem Ma\u00dfnahmen zum Schutz der Spieler und zur Vermeidung von Geldw\u00e4sche im Mittelpunkt stehen. Der Schutz der Spieler meint vor allem den vor Spielsucht.<\/p>\n<p>Dabei sind die wichtigsten Punkte der neuen Regelungen die folgenden:<\/p>\n<ul>\n<li><strong>Lizenz<\/strong>: Wer legal in Deutschland ein Online-Casino er\u00f6ffnen will, ben\u00f6tigt daf\u00fcr eine g\u00fcltige Lizenz, die von der zust\u00e4ndigen Beh\u00f6rde in Halle \/ Saale ausgestellt wird. Die Lizenzen sind nicht limitiert, m\u00fcssen aber nat\u00fcrlich in ihren Auflagen erf\u00fcllt werden.<\/li>\n<li><strong>Schutz der Spieler:<\/strong> Um Spieler zu sch\u00fctzen, gibt es diverse Ma\u00dfnahmen wie die Identit\u00e4tspflicht und ein monatliches Einzahlungslimit von 1000 \u20ac. Eine Selbstsperre des Spielers muss m\u00f6glich sein und das gleichzeitige Nutzen verschiedener Casino-Anbieter ist untersagt. Zudem existiert eine nationale Spieler-Sperrdatei.<\/li>\n<li><strong>Einsatz- und Verlustlimit<\/strong>: Nicht nur das monatliche Einzahlungslimit ist festgelegt. Es gibt auch das sogenannte 1-Euro-Limit, dass das Einsatzlimit meint. Zudem muss regelm\u00e4\u00dfig auf Gewinne und Verluste hingewiesen werden. Dazu kommt die 5-Sekunden-Regel, die die Spieldauer bei Slotspielen meint.<\/li>\n<li><strong>Auswahl der Spiele<\/strong>: Auch die Spielauswahl ist reguliert und erlaubt generell keine Live-Spiele. Auch die Auswahl der Tisch- und Kartenspiele ist mit deutscher Lizenz stark eingeschr\u00e4nkt.<\/li>\n<li><strong>Werbung<\/strong>: Es gilt ein Werbeverbot zwischen 6 und 21 Uhr.<\/li>\n<\/ul>\n<h3>Angebote der Online-Casinos mit deutscher Lizenz<\/h3>\n<p>Wie du siehst, sind die Regulierungen deutlich strenger als in anderen M\u00e4rkten. Daf\u00fcr garantieren diese Regelungen nat\u00fcrlich auch eine h\u00f6here Transparenz und Sicherheit, was vor allem dem Spieler zugute kommen soll. Probleme wie Spielsucht und das Verschulden sollen so vermieden werden und vor allem den Spa\u00df am Spiel in den Mittelpunkt r\u00fccken. Deutsche Online Casinos m\u00fcssen sich also etwas einfallen lassen, um attraktiv f\u00fcr Spieler zu sein. Denn gerade so beliebte Spielkategorien wie Tisch- und Kartenspiele sind mit deutscher Lizenz stark eingeschr\u00e4nkt. Und das Fehlen der Live-Dealer-Spieler f\u00fchrt dazu, dass die Klassiker wie Baccarat, Roulette oder Blackjack in deutschen Casinos nicht zu finden sind.<br \/>\nDann gibt es nat\u00fcrlich noch Wetten und Quoten, die vielen deutschen Spielern gefallen. Die besten Tipps zu den Spielen zwischen Leverkusen und Werder Bremen finden Sie unter <a href=\"https:\/\/leverkusengegenwerderbremen.com\/\" target=\"_blank\" rel=\"noopener\">leverkusengegenwerderbremen.com<\/a>.<\/p>\n<p>Um all diese Punkte zu ber\u00fccksichtigen und das Spielerlebnis f\u00fcr deutsche Spieler dennoch spannend zu gestalten, gibt es vor allem ein riesiges Portfolio von Slot Games. Beliebte Hersteller wie Novomatic, NetEnt und Microgaming sind dabei viel vertreten. Aber auch innovative Features wie Jackpots, Gl\u00fccksr\u00e4der und Bingo-Spiele sind beliebt. Zus\u00e4tzlich sorgen attraktive Bonusaktionen und VIP-Programme daf\u00fcr, dass neue Spieler gewonnen und regelm\u00e4\u00dfige Stammspieler viele Chancen haben, ihre Gewinnchancen zu erh\u00f6hen.<\/p>\n","protected":false},"excerpt":{"rendered":"<p>Online Casinos sind in den letzten Jahren immer beliebter geworden, und eine der beliebtesten Kategorien sind Online Slots. Auch wenn die klassischen Tisch- und Kartenspiele wie Blackjack und Roulette viele Anh\u00e4nger haben, bieten sie nicht die abwechslungsreichen Welten der Spielautomaten. Wie vielseitig die Online Slots sein k\u00f6nnen, wie sie genau funktionieren und alles Wichtige zu &hellip; <\/p>\n<p class=\"read-more\"><a class=\"btn btn-default\" href=\"https:\/\/slottar.com\/de\/\"> Read More<span class=\"screen-reader-text\">  Read More<\/span><\/a><\/p>\n","protected":false},"author":1,"featured_media":0,"parent":0,"menu_order":0,"comment_status":"closed","ping_status":"closed","template":"","meta":{"footnotes":""},"class_list":["post-713","page","type-page","status-publish","hentry"],"yoast_head":"<!-- This site is optimized with the Yoast SEO plugin v27.0 - https:\/\/yoast.com\/product\/yoast-seo-wordpress\/ -->\n<title>Online Slots | slottar.com<\/title>\n<meta name=\"description\" content=\"Online Slots sorgen f\u00fcr Abwechslung und Spannung pur in jedem Online Casino. Hier erf\u00e4hrst du alles Wissenswerte f\u00fcr ein unvergessliches Spielerlebnis.\" \/>\n<meta name=\"robots\" content=\"index, follow, max-snippet:-1, max-image-preview:large, max-video-preview:-1\" \/>\n<link rel=\"canonical\" href=\"https:\/\/slottar.com\/de\/\" \/>\n<meta property=\"og:locale\" content=\"de_DE\" \/>\n<meta property=\"og:type\" content=\"article\" \/>\n<meta property=\"og:title\" content=\"Online Slots | slottar.com\" \/>\n<meta property=\"og:description\" content=\"Online Slots sorgen f\u00fcr Abwechslung und Spannung pur in jedem Online Casino. Hier erf\u00e4hrst du alles Wissenswerte f\u00fcr ein unvergessliches Spielerlebnis.\" \/>\n<meta property=\"og:url\" content=\"https:\/\/slottar.com\/de\/\" \/>\n<meta property=\"og:site_name\" content=\"Slottar\" \/>\n<meta property=\"article:modified_time\" content=\"2024-08-12T08:03:14+00:00\" \/>\n<meta property=\"og:image\" content=\"https:\/\/slottar.com\/wp-content\/uploads\/2016\/10\/Slottar-eller-spelautomater.jpg\" \/>\n<meta name=\"twitter:card\" content=\"summary_large_image\" \/>\n<meta name=\"twitter:label1\" content=\"Gesch\u00e4tzte Lesezeit\" \/>\n\t<meta name=\"twitter:data1\" content=\"12\u00a0Minuten\" \/>\n<script type=\"application\/ld+json\" class=\"yoast-schema-graph\">{\"@context\":\"https:\/\/schema.org\",\"@graph\":[{\"@type\":\"WebPage\",\"@id\":\"https:\/\/slottar.com\/de\/\",\"url\":\"https:\/\/slottar.com\/de\/\",\"name\":\"Online Slots | slottar.com\",\"isPartOf\":{\"@id\":\"https:\/\/slottar.com\/de\/#website\"},\"primaryImageOfPage\":{\"@id\":\"https:\/\/slottar.com\/de\/#primaryimage\"},\"image\":{\"@id\":\"https:\/\/slottar.com\/de\/#primaryimage\"},\"thumbnailUrl\":\"https:\/\/slottar.com\/wp-content\/uploads\/2016\/10\/Slottar-eller-spelautomater.jpg\",\"datePublished\":\"2016-10-16T20:47:43+00:00\",\"dateModified\":\"2024-08-12T08:03:14+00:00\",\"description\":\"Online Slots sorgen f\u00fcr Abwechslung und Spannung pur in jedem Online Casino. Hier erf\u00e4hrst du alles Wissenswerte f\u00fcr ein unvergessliches Spielerlebnis.\",\"breadcrumb\":{\"@id\":\"https:\/\/slottar.com\/de\/#breadcrumb\"},\"inLanguage\":\"de\",\"potentialAction\":[{\"@type\":\"ReadAction\",\"target\":[\"https:\/\/slottar.com\/de\/\"]}]},{\"@type\":\"ImageObject\",\"inLanguage\":\"de\",\"@id\":\"https:\/\/slottar.com\/de\/#primaryimage\",\"url\":\"https:\/\/slottar.com\/wp-content\/uploads\/2016\/10\/Slottar-eller-spelautomater.jpg\",\"contentUrl\":\"https:\/\/slottar.com\/wp-content\/uploads\/2016\/10\/Slottar-eller-spelautomater.jpg\"},{\"@type\":\"BreadcrumbList\",\"@id\":\"https:\/\/slottar.com\/de\/#breadcrumb\",\"itemListElement\":[{\"@type\":\"ListItem\",\"position\":1,\"name\":\"Home\",\"item\":\"https:\/\/slottar.com\/de\/\"},{\"@type\":\"ListItem\",\"position\":2,\"name\":\"Online slots\"}]},{\"@type\":\"WebSite\",\"@id\":\"https:\/\/slottar.com\/de\/#website\",\"url\":\"https:\/\/slottar.com\/de\/\",\"name\":\"Slottar\",\"description\":\"Spielen Sie um echtes Geld\",\"potentialAction\":[{\"@type\":\"SearchAction\",\"target\":{\"@type\":\"EntryPoint\",\"urlTemplate\":\"https:\/\/slottar.com\/de\/?s={search_term_string}\"},\"query-input\":{\"@type\":\"PropertyValueSpecification\",\"valueRequired\":true,\"valueName\":\"search_term_string\"}}],\"inLanguage\":\"de\"}]}<\/script>\n<!-- \/ Yoast SEO plugin. -->","yoast_head_json":{"title":"Online Slots | slottar.com","description":"Online Slots sorgen f\u00fcr Abwechslung und Spannung pur in jedem Online Casino. Hier erf\u00e4hrst du alles Wissenswerte f\u00fcr ein unvergessliches Spielerlebnis.","robots":{"index":"index","follow":"follow","max-snippet":"max-snippet:-1","max-image-preview":"max-image-preview:large","max-video-preview":"max-video-preview:-1"},"canonical":"https:\/\/slottar.com\/de\/","og_locale":"de_DE","og_type":"article","og_title":"Online Slots | slottar.com","og_description":"Online Slots sorgen f\u00fcr Abwechslung und Spannung pur in jedem Online Casino. Hier erf\u00e4hrst du alles Wissenswerte f\u00fcr ein unvergessliches Spielerlebnis.","og_url":"https:\/\/slottar.com\/de\/","og_site_name":"Slottar","article_modified_time":"2024-08-12T08:03:14+00:00","og_image":[{"url":"https:\/\/slottar.com\/wp-content\/uploads\/2016\/10\/Slottar-eller-spelautomater.jpg","type":"","width":"","height":""}],"twitter_card":"summary_large_image","twitter_misc":{"Gesch\u00e4tzte Lesezeit":"12\u00a0Minuten"},"schema":{"@context":"https:\/\/schema.org","@graph":[{"@type":"WebPage","@id":"https:\/\/slottar.com\/de\/","url":"https:\/\/slottar.com\/de\/","name":"Online Slots | slottar.com","isPartOf":{"@id":"https:\/\/slottar.com\/de\/#website"},"primaryImageOfPage":{"@id":"https:\/\/slottar.com\/de\/#primaryimage"},"image":{"@id":"https:\/\/slottar.com\/de\/#primaryimage"},"thumbnailUrl":"https:\/\/slottar.com\/wp-content\/uploads\/2016\/10\/Slottar-eller-spelautomater.jpg","datePublished":"2016-10-16T20:47:43+00:00","dateModified":"2024-08-12T08:03:14+00:00","description":"Online Slots sorgen f\u00fcr Abwechslung und Spannung pur in jedem Online Casino. Hier erf\u00e4hrst du alles Wissenswerte f\u00fcr ein unvergessliches Spielerlebnis.","breadcrumb":{"@id":"https:\/\/slottar.com\/de\/#breadcrumb"},"inLanguage":"de","potentialAction":[{"@type":"ReadAction","target":["https:\/\/slottar.com\/de\/"]}]},{"@type":"ImageObject","inLanguage":"de","@id":"https:\/\/slottar.com\/de\/#primaryimage","url":"https:\/\/slottar.com\/wp-content\/uploads\/2016\/10\/Slottar-eller-spelautomater.jpg","contentUrl":"https:\/\/slottar.com\/wp-content\/uploads\/2016\/10\/Slottar-eller-spelautomater.jpg"},{"@type":"BreadcrumbList","@id":"https:\/\/slottar.com\/de\/#breadcrumb","itemListElement":[{"@type":"ListItem","position":1,"name":"Home","item":"https:\/\/slottar.com\/de\/"},{"@type":"ListItem","position":2,"name":"Online slots"}]},{"@type":"WebSite","@id":"https:\/\/slottar.com\/de\/#website","url":"https:\/\/slottar.com\/de\/","name":"Slottar","description":"Spielen Sie um echtes Geld","potentialAction":[{"@type":"SearchAction","target":{"@type":"EntryPoint","urlTemplate":"https:\/\/slottar.com\/de\/?s={search_term_string}"},"query-input":{"@type":"PropertyValueSpecification","valueRequired":true,"valueName":"search_term_string"}}],"inLanguage":"de"}]}},"_links":{"self":[{"href":"https:\/\/slottar.com\/de\/wp-json\/wp\/v2\/pages\/713","targetHints":{"allow":["GET"]}}],"collection":[{"href":"https:\/\/slottar.com\/de\/wp-json\/wp\/v2\/pages"}],"about":[{"href":"https:\/\/slottar.com\/de\/wp-json\/wp\/v2\/types\/page"}],"author":[{"embeddable":true,"href":"https:\/\/slottar.com\/de\/wp-json\/wp\/v2\/users\/1"}],"replies":[{"embeddable":true,"href":"https:\/\/slottar.com\/de\/wp-json\/wp\/v2\/comments?post=713"}],"version-history":[{"count":2,"href":"https:\/\/slottar.com\/de\/wp-json\/wp\/v2\/pages\/713\/revisions"}],"predecessor-version":[{"id":729,"href":"https:\/\/slottar.com\/de\/wp-json\/wp\/v2\/pages\/713\/revisions\/729"}],"wp:attachment":[{"href":"https:\/\/slottar.com\/de\/wp-json\/wp\/v2\/media?parent=713"}],"curies":[{"name":"wp","href":"https:\/\/api.w.org\/{rel}","templated":true}]}}